{"id":1768,"date":"2020-06-24T18:43:34","date_gmt":"2020-06-24T18:43:34","guid":{"rendered":"http:\/\/dados.iesp.uerj.br\/?page_id=1768"},"modified":"2020-06-24T19:12:28","modified_gmt":"2020-06-24T19:12:28","slug":"preprints","status":"publish","type":"page","link":"https:\/\/dados.iesp.uerj.br\/es\/preprints\/","title":{"rendered":"Servidores de preprints"},"content":{"rendered":"<p class=\"qtranxs-available-languages-message qtranxs-available-languages-message-es\">Disculpa, pero esta entrada est\u00e1 disponible s\u00f3lo en <a href=\"https:\/\/dados.iesp.uerj.br\/pb\/wp-json\/wp\/v2\/pages\/1768\" class=\"qtranxs-available-language-link qtranxs-available-language-link-pb\" title=\"Portugu\u00eas do Brasil\">Portugu\u00e9s De Brasil<\/a>. For the sake of viewer convenience, the content is shown below in the alternative language. You may click the link to switch the active language.<\/p><p>DADOS aceita a submiss\u00e3o de manuscritos previamente submetidos aos seguintes servidores de preprints. Outros servidores podem ser eventualmente avaliados e\/ou somados \u00e0 lista abaixo:<\/p>\n<table style=\"border-style: solid; border-color: c4c4c4;\">\n<tbody>\n<tr>\n<td style=\"border-color: #c4c4c4; border-style: solid; background-color: #ffffff;\"><strong>Nome<\/strong><\/td>\n<td style=\"border-color: #c4c4c4; border-style: solid; background-color: #ffffff;\"><strong>Link<\/strong><\/td>\n<td style=\"border-color: #c4c4c4; border-style: solid; background-color: #ffffff;\"><strong>\u00c1rea<\/strong><\/td>\n<td style=\"border-color: #c4c4c4; border-style: solid; background-color: #ffffff;\"><strong>Editora\/Mantenedora<\/strong><\/td>\n<\/tr>\n<tr>\n<td style=\"border-color: #c4c4c4; border-style: solid; background-color: #ffffff;\">Advance<\/td>\n<td style=\"border-color: #c4c4c4; border-style: solid; background-color: #ffffff;\"><a href=\"https:\/\/advance.sagepub.com\/\">https:\/\/advance.sagepub.com\/<\/a><\/td>\n<td style=\"border-color: #c4c4c4; border-style: solid; background-color: #ffffff;\">Humanidades e Sociais<\/td>\n<td style=\"border-color: #c4c4c4; border-style: solid; background-color: #ffffff;\">SAGE Pub<\/td>\n<\/tr>\n<tr>\n<td style=\"border-color: #c4c4c4; border-style: solid; background-color: #ffffff;\">OSFPreprints<\/td>\n<td style=\"border-color: #c4c4c4; border-style: solid; background-color: #ffffff;\"><a href=\"https:\/\/osf.io\/preprints\">https:\/\/osf.io\/preprints<\/a><\/td>\n<td style=\"border-color: #c4c4c4; border-style: solid; background-color: #ffffff;\">Todas<\/td>\n<td style=\"border-color: #c4c4c4; border-style: solid; background-color: #ffffff;\">Center of Open Science<\/td>\n<\/tr>\n<tr>\n<td style=\"border-color: #c4c4c4; border-style: solid; background-color: #ffffff;\">SciELO Preprints<\/td>\n<td style=\"border-color: #c4c4c4; border-style: solid; background-color: #ffffff;\"><a href=\"https:\/\/preprints.scielo.org\/\">https:\/\/preprints.scielo.org\/<\/a><\/td>\n<td style=\"border-color: #c4c4c4; border-style: solid; background-color: #ffffff;\">Todas<\/td>\n<td style=\"border-color: #c4c4c4; border-style: solid; background-color: #ffffff;\">SciELO<\/td>\n<\/tr>\n<tr>\n<td style=\"border-color: #c4c4c4; border-style: solid; background-color: #ffffff;\">SocArxiv<\/td>\n<td style=\"border-color: #c4c4c4; border-style: solid; background-color: #ffffff;\"><a href=\"https:\/\/osf.io\/preprints\/socarxiv\">https:\/\/osf.io\/preprints\/socarxiv<\/a><\/td>\n<td style=\"border-color: #c4c4c4; border-style: solid; background-color: #ffffff;\">Ci\u00eancias Sociais<\/td>\n<td style=\"border-color: #c4c4c4; border-style: solid; background-color: #ffffff;\">Center of Open Science<\/td>\n<\/tr>\n<tr>\n<td style=\"border-color: #c4c4c4; border-style: solid; background-color: #ffffff;\">APSA Preprints<\/td>\n<td style=\"border-color: #c4c4c4; border-style: solid; background-color: #ffffff;\"><a href=\"https:\/\/preprints.apsanet.org\/engage\/apsa\/public-dashboard\">https:\/\/preprints.apsanet.org\/<\/a><\/td>\n<td style=\"border-color: #c4c4c4; border-style: solid; background-color: #ffffff;\">Ci\u00eancia Pol\u00edtica<\/td>\n<td style=\"border-color: #c4c4c4; border-style: solid; background-color: #ffffff;\">APSA\/Cambridge<\/td>\n<\/tr>\n<\/tbody>\n<\/table>\n<p><\/p>","protected":false},"excerpt":{"rendered":"<p>Disculpa, pero esta entrada est\u00e1 disponible s\u00f3lo en Portugu\u00e9s De Brasil. For the sake of viewer convenience, the content is shown below in the alternative language. You may click the link to switch the active language.DADOS aceita a submiss\u00e3o de manuscritos previamente submetidos aos seguintes servidores de preprints. Outros servidores podem ser eventualmente avaliados e\/ou [&hellip;]<\/p>\n","protected":false},"author":5,"featured_media":0,"parent":0,"menu_order":0,"comment_status":"closed","ping_status":"closed","template":"","meta":{"_monsterinsights_skip_tracking":false,"_monsterinsights_sitenote_active":false,"_monsterinsights_sitenote_note":"","_monsterinsights_sitenote_category":0},"categories":[],"tags":[],"_links":{"self":[{"href":"https:\/\/dados.iesp.uerj.br\/es\/wp-json\/wp\/v2\/pages\/1768"}],"collection":[{"href":"https:\/\/dados.iesp.uerj.br\/es\/wp-json\/wp\/v2\/pages"}],"about":[{"href":"https:\/\/dados.iesp.uerj.br\/es\/wp-json\/wp\/v2\/types\/page"}],"author":[{"embeddable":true,"href":"https:\/\/dados.iesp.uerj.br\/es\/wp-json\/wp\/v2\/users\/5"}],"replies":[{"embeddable":true,"href":"https:\/\/dados.iesp.uerj.br\/es\/wp-json\/wp\/v2\/comments?post=1768"}],"version-history":[{"count":11,"href":"https:\/\/dados.iesp.uerj.br\/es\/wp-json\/wp\/v2\/pages\/1768\/revisions"}],"predecessor-version":[{"id":1779,"href":"https:\/\/dados.iesp.uerj.br\/es\/wp-json\/wp\/v2\/pages\/1768\/revisions\/1779"}],"wp:attachment":[{"href":"https:\/\/dados.iesp.uerj.br\/es\/wp-json\/wp\/v2\/media?parent=1768"}],"wp:term":[{"taxonomy":"category","embeddable":true,"href":"https:\/\/dados.iesp.uerj.br\/es\/wp-json\/wp\/v2\/categories?post=1768"},{"taxonomy":"post_tag","embeddable":true,"href":"https:\/\/dados.iesp.uerj.br\/es\/wp-json\/wp\/v2\/tags?post=1768"}],"curies":[{"name":"wp","href":"https:\/\/api.w.org\/{rel}","templated":true}]}}