{"id":40,"date":"2019-02-01T20:10:51","date_gmt":"2019-02-01T20:10:51","guid":{"rendered":"http:\/\/dados.iesp.uerj.br\/?page_id=40"},"modified":"2023-07-28T04:40:48","modified_gmt":"2023-07-28T04:40:48","slug":"sobre","status":"publish","type":"page","link":"https:\/\/dados.iesp.uerj.br\/en\/sobre\/","title":{"rendered":"Sobre"},"content":{"rendered":"<p>&nbsp;<\/p>\n<h4>Informa\u00e7\u00f5es b\u00e1sicas<\/h4>\n<p><em><a href=\"http:\/\/dados.iesp.uerj.br\">DADOS<\/a>\u00a0<\/em>\u00e9 uma das principais e mais longevas revistas nas Ci\u00eancias Sociais no Brasil. Publicada desde 1966, divulga trabalhos in\u00e9ditos e inovadores, oriundos de pesquisa acad\u00eamica, de autores brasileiros e estrangeiros. Com periodicidade trimestral desde 1981, faz parte do primeiro grupo de onze revistas que em 1996 integraram o\u00a0<a href=\"http:\/\/scielo.br\"><em>SciELO \u2013 Science Eletronic Library Online<\/em><\/a>, o mais importante ve\u00edculo de divulga\u00e7\u00e3o da ci\u00eancia brasileira, constituindo-se no primeiro peri\u00f3dico de Ci\u00eancias Humanas a fazer parte do projeto. A lideran\u00e7a da revista tamb\u00e9m \u00e9 contrastada na atualidade, pois \u00e9 uma das poucas revistas brasileiras de Ci\u00eancias Sociais indexadas no Institute for Scientific Information \u2013 ISI (Thomson Co.), al\u00e9m de ter sido qualificada como A1 em sete \u00e1reas na \u00faltima atualiza\u00e7\u00e3o do <a href=\"https:\/\/sucupira.capes.gov.br\/sucupira\/public\/consultas\/coleta\/veiculoPublicacaoQualis\/listaConsultaGeralPeriodicos.jsf\">Qualis\/CAPES<\/a>.<\/p>\n<p>Em 2017 foi publicado um\u00a0<a href=\"http:\/\/www.scielo.br\/scielo.php?script=sci_issuetoc&amp;pid=0011-525820170003&amp;lng=pt&amp;nrm=iso\">dossi\u00ea comemorativo<\/a>\u00a0dos 50 anos da revista (1966-2016), com diversas contribui\u00e7\u00f5es sobre a trajet\u00f3ria de\u00a0<em>Dados,\u00a0<\/em>seu perfil disciplinar e tem\u00e1tico e seu papel na profissionaliza\u00e7\u00e3o dos peri\u00f3dicos cient\u00edficos e na constru\u00e7\u00e3o das ci\u00eancias sociais no Brasil e na Am\u00e9rica Latina.<\/p>\n<p>Editada pelo Instituto de Estudos Sociais e Pol\u00edticos da Universidade do Estado do Rio de Janeiro &#8211; IESP-UERJ (<a href=\"http:\/\/www.iesp.uerj.br\/\" target=\"_blank\" rel=\"noreferrer noopener\">http:\/\/www.iesp.uerj.br<\/a>),\u00a0<em>Dados\u00a0\u2013\u00a0Revista de Ci\u00eancias Sociais\u00a0<\/em>recebe artigos durante todo o ano em sistema de fluxo cont\u00ednuo. \u00c9 seu objetivo conciliar o rigor cient\u00edfico e a excel\u00eancia acad\u00eamica com \u00eanfase no debate p\u00fablico a partir da an\u00e1lise de quest\u00f5es substantivas da sociedade e da pol\u00edtica.<\/p>\n<p>O t\u00edtulo abreviado da revista \u00e9\u00a0<em>Dados<\/em>, forma que deve ser usada em bibliografias, notas de rodap\u00e9, refer\u00eancias e legendas bibliogr\u00e1ficas.<\/p>\n<p>&nbsp;<\/p>\n<h4>Fontes\u00a0de indexa\u00e7\u00e3o<\/h4>\n<p>Os artigos publicados por\u00a0<strong>Dados<\/strong>\u00a0s\u00e3o resumidos ou indexados em:<\/p>\n<ul>\n<li style=\"list-style-type: none;\">\n<ul>\n<li style=\"list-style-type: none\">\n<ul>\n<li><a href=\"http:\/\/132.248.9.1:8991\/F\/JNCE7TXL9IME8VUY9P9I9LQ68BV185673F27A8T3TAYV63IBDH-27132?func=find-acc&amp;acc_sequence=000019772\">Clase \u2013 Citas Latinoamericanas en Sociolog\u00eda y Econom\u00eda<\/a><\/li>\n<li><a href=\"https:\/\/doaj.org\/toc\/1678-4588?source=%7B%22query%22%3A%7B%22filtered%22%3A%7B%22filter%22%3A%7B%22bool%22%3A%7B%22must%22%3A%5B%7B%22terms%22%3A%7B%22index.issn.exact%22%3A%5B%220011-5258%22%2C%221678-4588%22%5D%7D%7D%2C%7B%22term%22%3A%7B%22_type%22%3A%22article%22%7D%7D%5D%7D%7D%2C%22query%22%3A%7B%22match_all%22%3A%7B%7D%7D%7D%7D%2C%22from%22%3A0%2C%22size%22%3A100%7D\">DOAJ \u2013 Directory of Open Access Journals<\/a><\/li>\n<li><a href=\"http:\/\/hapi.ucla.edu\/\">Hispanic American Periodicals Index<\/a><\/li>\n<li><a href=\"https:\/\/journals.sagepub.com\/home\/iab\">International Political Science Abstracts<\/a><\/li>\n<li><a href=\"https:\/\/isindexing.com\/isi\/index.php\">Institute for Scientific Information (ISI) \u2013 Thomson Reuters<\/a><\/li>\n<li><a href=\"https:\/\/www.latindex.org\/latindex\/inicio\">Latindex<\/a><\/li>\n<li><a href=\"http:\/\/lilacs.bvsalud.org\/\">Lilacs \u2013 Literatura Latino-Americana em Ci\u00eancias da Sa\u00fade<\/a><\/li>\n<li><a href=\"https:\/\/www.proquest.com\/LATAM-PT\/\">ProQuest<\/a><\/li>\n<li><a href=\"http:\/\/www.indiana.edu\/~liblatam\/researching-brazil\">Researching Brasil<\/a><\/li>\n<li><a href=\"https:\/\/www.redalyc.org\/home.oa\">Redalyc \u2013 Red de Revistas Cient\u00edficas de Am\u00e9rica Latina y el Caribe, Espa\u00f1a y Portugal<\/a><\/li>\n<li><a href=\"http:\/\/www.scielo.br\/dados\">SciELO \u2013 Science Electronic Library On Line<\/a><\/li>\n<li><a href=\"https:\/\/www.scopus.com\/sourceid\/25953\">Scopus \u2013 Elsevier<\/a><\/li>\n<\/ul>\n<\/li>\n<\/ul>\n<p>&nbsp;<\/p>\n<div style=\"height: 100px; width: 180px; font-family: Arial, Verdana, helvetica, sans-serif; background-color: #ffffff; display: inline-block;\">\n<div style=\"padding: 0px 16px;\">\n<div style=\"padding-top: 3px; line-height: 1;\">\n<div style=\"float: left; font-size: 28px;\"><span id=\"citescoreVal\" style=\"letter-spacing: -2px; display: inline-block; padding-top: 7px; line-height: .75;\">0.37<\/span><\/div>\n<div style=\"float: right; font-size: 14px; padding-top: 3px; text-align: right;\"><span id=\"citescoreYearVal\" style=\"display: block;\">2018<\/span>CiteScore<\/div>\n<\/div>\n<div style=\"clear: both;\"><\/div>\n<div style=\"padding-top: 3px;\">\n<div style=\"height: 4px; background-color: #dcdcdc;\">\n<div id=\"percentActBar\" style=\"height: 4px; background-color: #007398;\"><\/div>\n<\/div>\n<div style=\"font-size: 11px;\"><span id=\"citescorePerVal\">45th percentile<\/span><\/div>\n<\/div>\n<div style=\"font-size: 12px; text-align: right;\">Powered by \u00a0<img decoding=\"async\" style=\"width: 50px; height: 15px;\" src=\"https:\/\/www.scopus.com\/static\/images\/scopusLogoOrange.svg\" alt=\"Scopus\" \/><\/div>\n<\/div>\n<\/div>\n<p>&nbsp;<\/p>\n<ul>\n<li><a href=\"https:\/\/www.scimagojr.com\/journalsearch.php?q=25953&amp;tip=sid&amp;clean=0\">SJR \u2013 Scimago Journal &amp; Country Ranks<\/a><\/li>\n<\/ul>\n<\/li>\n<\/ul>\n<p><a title=\"SCImago Journal &amp; Country Rank\" href=\"https:\/\/www.scimagojr.com\/journalsearch.php?q=25953&amp;tip=sid&amp;exact=no\"><img decoding=\"async\" src=\"https:\/\/www.scimagojr.com\/journal_img.php?id=25953\" alt=\"SCImago Journal &amp; Country Rank\" border=\"0\" \/><\/a><\/p>\n<ul>\n<li><a href=\"https:\/\/library.maastrichtuniversity.nl\/collections\/databases\/ssci\/\">Social Sciences Citation Index<\/a><\/li>\n<li><a href=\"https:\/\/www.proquest.com\/products-services\/socioabs-set-c.html\">Sociological Abstracts \/ CSA<\/a><\/li>\n<li><a href=\"https:\/\/www.library.ucsb.edu\/research\/db\/338\">Ulrich\u2019s Periodical Directory<\/a><\/li>\n<\/ul>\n<p>&nbsp;<\/p>\n<h4>Propriedade intelectual<\/h4>\n<p>Todo o conte\u00fado do peri\u00f3dico, exceto onde est\u00e1 identificado, est\u00e1 licenciado sob uma\u00a0<a href=\"http:\/\/creativecommons.org\/licenses\/by\/4.0\/deed.pt\" target=\"_blank\" rel=\"noreferrer noopener\">Licen\u00e7a Creative Commons<\/a>\u00a0do tipo atribui\u00e7\u00e3o BY.<\/p>\n<p>&nbsp;<\/p>\n<h4>\u00d3rg\u00e3o\u00a0financiador<\/h4>\n<p>A publica\u00e7\u00e3o da revista recebe financiamento do:<\/p>\n<ul>\n<li>Programa de Apoio a Publica\u00e7\u00f5es Cient\u00edficas do Minist\u00e9rio da Ci\u00eancia, Tecnologia e Inova\u00e7\u00e3o (<a href=\"http:\/\/www.mcti.gov.br\/\">MCTI<\/a>)<\/li>\n<li>Conselho Nacional de Desenvolvimento Cient\u00edfico e Tecnol\u00f3gico (<a href=\"http:\/\/www.cnpq.br\/\">CNPq<\/a>)<\/li>\n<li>Coordena\u00e7\u00e3o de Aperfei\u00e7oamento de Pessoal de N\u00edvel Superior (<a href=\"http:\/\/capes.gov.br\/\">Capes<\/a>)<\/li>\n<li>Funda\u00e7\u00e3o Carlos Chagas Filho de Amparo \u00e0 Pesquisa do Estado do Rio de Janeiro (<a href=\"http:\/\/www.faperj.br\/\">FAPERJ<\/a>)<\/li>\n<li><a href=\"http:\/\/espec.iesp.uerj.br\">Especializa\u00e7\u00e3o em Pol\u00edtica &#038; Sociedade do IESP-UERJ<\/a><\/li>\n<\/ul>\n<p><\/p>","protected":false},"excerpt":{"rendered":"<p>&nbsp; Informa\u00e7\u00f5es b\u00e1sicas DADOS\u00a0\u00e9 uma das principais e mais longevas revistas nas Ci\u00eancias Sociais no Brasil. Publicada desde 1966, divulga trabalhos in\u00e9ditos e inovadores, oriundos de pesquisa acad\u00eamica, de autores brasileiros e estrangeiros. Com periodicidade trimestral desde 1981, faz parte do primeiro grupo de onze revistas que em 1996 integraram o\u00a0SciELO \u2013 Science Eletronic Library [&hellip;]<\/p>\n","protected":false},"author":1,"featured_media":0,"parent":0,"menu_order":0,"comment_status":"closed","ping_status":"closed","template":"","meta":{"_monsterinsights_skip_tracking":false,"_monsterinsights_sitenote_active":false,"_monsterinsights_sitenote_note":"","_monsterinsights_sitenote_category":0},"categories":[],"tags":[],"_links":{"self":[{"href":"https:\/\/dados.iesp.uerj.br\/en\/wp-json\/wp\/v2\/pages\/40"}],"collection":[{"href":"https:\/\/dados.iesp.uerj.br\/en\/wp-json\/wp\/v2\/pages"}],"about":[{"href":"https:\/\/dados.iesp.uerj.br\/en\/wp-json\/wp\/v2\/types\/page"}],"author":[{"embeddable":true,"href":"https:\/\/dados.iesp.uerj.br\/en\/wp-json\/wp\/v2\/users\/1"}],"replies":[{"embeddable":true,"href":"https:\/\/dados.iesp.uerj.br\/en\/wp-json\/wp\/v2\/comments?post=40"}],"version-history":[{"count":29,"href":"https:\/\/dados.iesp.uerj.br\/en\/wp-json\/wp\/v2\/pages\/40\/revisions"}],"predecessor-version":[{"id":2550,"href":"https:\/\/dados.iesp.uerj.br\/en\/wp-json\/wp\/v2\/pages\/40\/revisions\/2550"}],"wp:attachment":[{"href":"https:\/\/dados.iesp.uerj.br\/en\/wp-json\/wp\/v2\/media?parent=40"}],"wp:term":[{"taxonomy":"category","embeddable":true,"href":"https:\/\/dados.iesp.uerj.br\/en\/wp-json\/wp\/v2\/categories?post=40"},{"taxonomy":"post_tag","embeddable":true,"href":"https:\/\/dados.iesp.uerj.br\/en\/wp-json\/wp\/v2\/tags?post=40"}],"curies":[{"name":"wp","href":"https:\/\/api.w.org\/{rel}","templated":true}]}}