{"id":114,"date":"2019-02-03T17:53:04","date_gmt":"2019-02-03T17:53:04","guid":{"rendered":"http:\/\/dados.iesp.uerj.br\/?page_id=114"},"modified":"2025-05-30T16:33:11","modified_gmt":"2025-05-30T16:33:11","slug":"equipe","status":"publish","type":"page","link":"https:\/\/dados.iesp.uerj.br\/en\/equipe\/","title":{"rendered":"Team"},"content":{"rendered":"<p>&nbsp;<\/p>\n<h4>Editor-in-chief<\/h4>\n<p><a href=\"http:\/\/www.iesp.uerj.br\/docentes\/luiz-augusto-campos\/\">Luiz Augusto Campos<\/a>, Instituto de Estudos Sociais e Pol\u00edticos da Universidade do Estado do Rio de Janeiro, Rio de Janeiro &#8211; Brasil: <a href=\"mailto:lascampos@iesp.uerj.br\">lascampos@iesp.uerj.br<\/a><\/p>\n<h4>Editor emeritus<\/h4>\n<p>Charles Pessanha, Universidade Federal do Rio de Janeiro, Rio de Janeiro &#8211; Brasil: <a href=\"mailto:cpessanha@iesp.uerj.br\">cpessanha@iesp.uerj.br<\/a><\/p>\n<h4>Associate Editor<\/h4>\n<p>Marcia Rangel Candido, Centro de Investiga\u00e7\u00e3o e Estudos de Sociologia do Instituto Universit\u00e1rio de Lisboa (CIES-Iscte), Lisboa \u2013 Portugal: <a rel=\"noopener\">marcia.candido@iscte-iul.pt<\/a><\/p>\n<h4>Reproducibility Editor<\/h4>\n<p>Bruno Marques Schaefer, Instituto de Estudos Sociais e Pol\u00edticos da Universidade do Estado do Rio de Janeiro, Rio de Janeiro \u2013 Brasil: <a rel=\"noopener\">brunoschaefer@iesp.uerj.br<\/a><\/p>\n<h4>Associate editors<\/h4>\n<p><a href=\"http:\/\/www.iesp.uerj.br\/docentes\/adalberto-moreira-cardoso\/\">Adalberto Cardoso<\/a>, Instituto de Estudos Sociais e Pol\u00edticos da Universidade do Estado do Rio de Janeiro, Rio de Janeiro &#8211; Brasil: <a href=\"mailto:acardoso@iesp.uerj.br\" target=\"_blank\" rel=\"noopener\">acardoso@iesp.uerj.br<\/a><\/p>\n<p><a href=\"https:\/\/iesp.uerj.br\/pesquisador\/ana-paula-balthazar-tostes\/\">Ana Paula Tostes<\/a>, Instituto de Estudos Sociais e Pol\u00edticos da Universidade do Estado do Rio de Janeiro, Rio de Janeiro \u2013 Brasil: <a class=\"mail\" href=\"mailto:anapaulatostes@iesp.uerj.br\">anapaulatostes@iesp.uerj.br<\/a><\/p>\n<p><a href=\"https:\/\/iesp.uerj.br\/pesquisador\/jose-eduardo-leon-szwako\/\">Jos\u00e9 Eduardo Leon Szwako<\/a>, Instituto de Estudos Sociais e Pol\u00edticos da Universidade do Estado do Rio de Janeiro, Rio de Janeiro &#8211; Brasil: <a href=\"mailto:zeszwako@iesp.uerj.br\">zeszwako@iesp.uerj.br<\/a><\/p>\n<p><a href=\"https:\/\/iesp.uerj.br\/pesquisador\/paulo-henrique-paschoeto-cassimiro-2\/\">Paulo Henrique Paschoeto Cassimiro<\/a>, Instituto de Estudos Sociais e Pol\u00edticos da Universidade do Estado do Rio de Janeiro, Rio de Janeiro \u2013 Brasil: <a class=\"mail\" href=\"mailto:phpcassimiro@gmail.com\">phpcassimiro@gmail.com<\/a><\/p>\n<h4>Editorial Board<\/h4>\n<p>Meets monthly and includes the participation of the editor-in-chief, the emeritus editor, the assistant editor, and the associate editors.<\/p>\n<h4>Editorial board<\/h4>\n<ul>\n<li>Ana Mar\u00eda Mustapic, Universidad Torcuato di Tella, Buenos Aires \u2013 Argentina<\/li>\n<li>Ant\u00f4nio Oct\u00e1vio Cintra, C\u00e2mara dos Deputados, Bras\u00edlia \u2013 DF \u2013 Brasil<\/li>\n<li>Ant\u00f4nio S\u00e9rgio Guimar\u00e3es, Universidade de S\u00e3o Paulo, S\u00e3o Paulo \u2013 SP \u2013 Brasil<\/li>\n<li>Edmond Preteceille, Sciences Po, Paris \u2013 Fran\u00e7a<\/li>\n<li>Eli Diniz, Universidade Federal do Rio de Janeiro, Rio de Janeiro \u2013 RJ \u2013 Brasil<\/li>\n<li>Elisa Pereira Reis, Universidade Federal do Rio de Janeiro, Rio de Janeiro \u2013 RJ \u2013 Brasil<\/li>\n<li>El\u00edsio Macamo, Universit\u00e4t Basel, Basileia \u2013 Su\u00ed\u00e7a<\/li>\n<li>Enrique Garza de Toledo, Universidad Aut\u00f3noma Metropolitana, cidade do M\u00e9xico, DF \u2013M\u00e9xico<\/li>\n<li>F\u00e1bio Wanderley Reis, Universidade Federal de Minas Gerais, Belo Horizonte, MG \u2013 Brasil<\/li>\n<li>Fernando Limongi, Universidade de S\u00e3o Paulo, S\u00e3o Paulo, SP, Brasil<\/li>\n<li>H\u00e9lgio Trindade, Universidade Federal do Rio Grande do Sul, Porto Alegre, RS \u2013 Brasil<\/li>\n<li>Ilse Scherer-Warren, Universidade Federal de Santa Catarina, Paran\u00e1, SC \u2013 Brasil<\/li>\n<li>Jos\u00e9 Murilo de Carvalho, Universidade Federal do Rio de Janeiro, Rio de Janeiro, RJ \u2013 Brasil<\/li>\n<li>Leonardo Avritzer, Universidade Federal de Minas Gerais, Belo Horizonte, MG \u2013 Brasil<\/li>\n<li>Luiz Carlos Bresser-Pereira, Funda\u00e7\u00e3o Getulio Vargas, S\u00e3o Paulo, SP \u2013 Brasil<\/li>\n<li>Mariana Llanos, German Institute of Global and Area Studies, Hamburgo \u2013 Alemanha<\/li>\n<li>Mario Brockmann Machado, Funda\u00e7\u00e3o Getulio Vargas, Rio de Janeiro, RJ \u2013 Brasil<\/li>\n<li>Ot\u00e1vio Velho, Universidade Federal do Rio de Janeiro, Rio de Janeiro, RJ \u2013 Brasil<\/li>\n<li>Peter Wagner, Universitat de Barcelona, Barcelona \u2013 Espanha<\/li>\n<li>Philipe Schmitter, European Universitary Institute, Floren\u00e7a \u2013 It\u00e1lia<\/li>\n<li>Renato Ortiz, Universidade Estadual de Campinas, Campinas, SP \u2013 Brasil<\/li>\n<li>Roberto DaMatta, Pontif\u00edcia Universidade Cat\u00f3lica do Rio de Janeiro, RJ \u2013 Brasil<\/li>\n<li>Simon Schwartzman, Instituto de Estudos do Trabalho e Sociedade, Rio de Janeiro, RJ \u2013 Brasil<\/li>\n<li>Timothy Power, University of Oxford, Oxford \u2013 Reino Unido<\/li>\n<\/ul>\n<h4><\/h4>\n<h4>Advisory Board \/ Ad Hoc Reviewers<\/h4>\n<p>The Advisory Board assists the editors in making decisions regarding the submitted articles. Although it is an ad hoc function, many of the reviewers collaborate permanently with <em>Dados<\/em>, issuing, in some cases, even several reviews per year. In the past five years, the number of reviewers for the journal has significantly increased, including foreign reviewers.<\/p>\n<p>&nbsp;<\/p>\n<h4>Editorial and Production<\/h4>\n<p><strong>Secretary<\/strong><br \/>\nMarina Bezerra<\/p>\n<p><strong>Editorial Assistant<\/strong><br \/>\nMurilo Gomes da Costa<\/p>\n<p><strong>Database Assistant<\/strong><br \/>\nCarlos Freitas<\/p>\n<p><strong>Scientific Dissemination Assistants<\/strong><br \/>\nDaniela Lisb\u00f4a and Giovanna Monteiro-Macedo<\/p>\n<p><strong>Post-Revision and Production<\/strong><br \/>\nClaucia Boccia and Hellen de Oliveira<\/p>\n<p><strong>Text Revision<\/strong><br \/>\nAndr\u00e9s Londo\u00f1o, Cristiane Duarte, Elisabeth Lissovsky, Jun Shimada, Luna Sassara, Marcelo Borel, Maria Ca\u00fa, and Renato Pardal<\/p>\n<p><strong>Translation<\/strong><br \/>\nAndr\u00e9s Londo\u00f1o (Spanish), Jun Shimada (English), Maria Ca\u00fa (English), and Renato Pardal (French)<\/p>\n<p><strong>Electronic Editing and Graphic Design<\/strong><br \/>\nEmilio Biscardi<\/p>\n<p>&nbsp;<\/p>\n<p>&nbsp;<\/p>\n<p><strong>Website Development<\/strong><br \/>\nRaul Nunes and Andr\u00e9 Felix<\/p>","protected":false},"excerpt":{"rendered":"<p>&nbsp; Editor-in-chief Luiz Augusto Campos, Instituto de Estudos Sociais e Pol\u00edticos da Universidade do Estado do Rio de Janeiro, Rio de Janeiro &#8211; Brasil: lascampos@iesp.uerj.br Editor emeritus Charles Pessanha, Universidade Federal do Rio de Janeiro, Rio de Janeiro &#8211; Brasil: cpessanha@iesp.uerj.br Associate Editor Marcia Rangel Candido, Centro de Investiga\u00e7\u00e3o e Estudos de Sociologia do Instituto [&hellip;]<\/p>\n","protected":false},"author":1,"featured_media":0,"parent":0,"menu_order":0,"comment_status":"closed","ping_status":"closed","template":"","meta":{"_monsterinsights_skip_tracking":false,"_monsterinsights_sitenote_active":false,"_monsterinsights_sitenote_note":"","_monsterinsights_sitenote_category":0},"categories":[],"tags":[],"_links":{"self":[{"href":"https:\/\/dados.iesp.uerj.br\/en\/wp-json\/wp\/v2\/pages\/114"}],"collection":[{"href":"https:\/\/dados.iesp.uerj.br\/en\/wp-json\/wp\/v2\/pages"}],"about":[{"href":"https:\/\/dados.iesp.uerj.br\/en\/wp-json\/wp\/v2\/types\/page"}],"author":[{"embeddable":true,"href":"https:\/\/dados.iesp.uerj.br\/en\/wp-json\/wp\/v2\/users\/1"}],"replies":[{"embeddable":true,"href":"https:\/\/dados.iesp.uerj.br\/en\/wp-json\/wp\/v2\/comments?post=114"}],"version-history":[{"count":51,"href":"https:\/\/dados.iesp.uerj.br\/en\/wp-json\/wp\/v2\/pages\/114\/revisions"}],"predecessor-version":[{"id":2751,"href":"https:\/\/dados.iesp.uerj.br\/en\/wp-json\/wp\/v2\/pages\/114\/revisions\/2751"}],"wp:attachment":[{"href":"https:\/\/dados.iesp.uerj.br\/en\/wp-json\/wp\/v2\/media?parent=114"}],"wp:term":[{"taxonomy":"category","embeddable":true,"href":"https:\/\/dados.iesp.uerj.br\/en\/wp-json\/wp\/v2\/categories?post=114"},{"taxonomy":"post_tag","embeddable":true,"href":"https:\/\/dados.iesp.uerj.br\/en\/wp-json\/wp\/v2\/tags?post=114"}],"curies":[{"name":"wp","href":"https:\/\/api.w.org\/{rel}","templated":true}]}}